{"id":35,"date":"2024-05-27T22:11:13","date_gmt":"2024-05-27T20:11:13","guid":{"rendered":"https:\/\/www.espace-libre.net\/zusvex\/?page_id=35"},"modified":"2024-05-29T18:03:47","modified_gmt":"2024-05-29T16:03:47","slug":"compagnie","status":"publish","type":"page","link":"https:\/\/www.espace-libre.net\/zusvex\/?page_id=35","title":{"rendered":"Compagnie Zusvex"},"content":{"rendered":"\n<p><\/p>\n\n\n\n<p><\/p>\n\n\n\n<p>En 2004, <a href=\"http:\/\/zusvex.com\/2018\/01\/30\/1279\/\" target=\"_blank\" rel=\"noreferrer noopener\"><strong>Marie Bout<\/strong><\/a> cr\u00e9e la Compagnie Zusvex.<\/p>\n\n\n\n<p>Au gr\u00e9 de ses d\u00e9sirs et en fonction des aventures, Marie Bout aime rassembler des femmes et des hommes qui la touchent artistiquement et humainement autour de cr\u00e9ations ou de projets de territoire.<\/p>\n\n\n\n<p>Parce qu\u2019elle aime mettre en jeu ce qui jaillit du pr\u00e9sent de la vie \u2013 s\u2019amuser avec ce qu\u2019elle entend, voit, sent, ressent \u2013 Marie Bout joue au grand air, dans des espaces vivants et habit\u00e9s, entre terrains de sport, jardins publics, quartiers urbains ou places de villages.<\/p>\n\n\n\n<p>Parce qu\u2019elle aime la proximit\u00e9 avec le public, \u00eatre en contact avec lui, Marie Bout joue dans des endroits qui invitent \u00e0 la proximit\u00e9 comme des salons, des biblioth\u00e8ques, des chambres, des bars, des vestiaires.<\/p>\n\n\n\n<p>Parce qu\u2019elle aime cr\u00e9er \u00e0 partir d\u2019un espace \u2013 sa taille, son architecture, sa mati\u00e8re \u2013 Marie Bout s\u2019empare de terrains de jeux insolites comme une cabane, un tracteur, un abri-bus, un gymnase.<\/p>\n\n\n\n<p>Parce qu\u2019elle aime les objets, les petits et les grands, du cheval en plastique au caillou en passant par le bout de ferraille us\u00e9e, ses cr\u00e9ations en sont souvent peupl\u00e9es.<\/p>\n\n\n\n<p>Au coeur des histoires artistiques pass\u00e9es et pr\u00e9sentes de la compagnie, il y a cette recherche forte du lien, du contact, de la relation, de la rencontre, du partage. Pour Marie Bout l\u2019aventure th\u00e9\u00e2trale est un espace fort pour se relier \u00e0 l\u2019autre, pour se voir, se toucher pour de vrai, tout pr\u00e8s, en chair et en os.<\/p>\n\n\n\n<p>L\u2019espace du th\u00e9\u00e2tre invite \u00e0 vivre ensemble un temps de po\u00e9sie suspendue. Ce qui anime, excite, met en joie Marie Bout c\u2019est habiller de chaud, de vaste, de proche ce temps hors du temps, et en faire une grande f\u00eate sensible.<\/p>\n\n\n\n<p>La Compagnie Zusvex est soutenue par le Conseil R\u00e9gional de Bretagne.<\/p>\n","protected":false},"excerpt":{"rendered":"<p>En 2004, Marie Bout cr\u00e9e la Compagnie Zusvex. Au gr\u00e9 de ses d\u00e9sirs et en fonction des aventures, Marie Bout aime rassembler des femmes et des hommes qui la touchent [&hellip;]<\/p>\n","protected":false},"author":1,"featured_media":0,"parent":0,"menu_order":0,"comment_status":"closed","ping_status":"closed","template":"","meta":{"_EventAllDay":false,"_EventTimezone":"","_EventStartDate":"","_EventEndDate":"","_EventStartDateUTC":"","_EventEndDateUTC":"","_EventShowMap":false,"_EventShowMapLink":false,"_EventURL":"","_EventCost":"","_EventCostDescription":"","_EventCurrencySymbol":"","_EventCurrencyCode":"","_EventCurrencyPosition":"","_EventDateTimeSeparator":"","_EventTimeRangeSeparator":"","_EventOrganizerID":[],"_EventVenueID":[],"_OrganizerEmail":"","_OrganizerPhone":"","_OrganizerWebsite":"","_VenueAddress":"","_VenueCity":"","_VenueCountry":"","_VenueProvince":"","_VenueState":"","_VenueZip":"","_VenuePhone":"","_VenueURL":"","_VenueStateProvince":"","_VenueLat":"","_VenueLng":"","_VenueShowMap":false,"_VenueShowMapLink":false,"footnotes":""},"class_list":["post-35","page","type-page","status-publish","hentry"],"_links":{"self":[{"href":"https:\/\/www.espace-libre.net\/zusvex\/index.php?rest_route=\/wp\/v2\/pages\/35","targetHints":{"allow":["GET"]}}],"collection":[{"href":"https:\/\/www.espace-libre.net\/zusvex\/index.php?rest_route=\/wp\/v2\/pages"}],"about":[{"href":"https:\/\/www.espace-libre.net\/zusvex\/index.php?rest_route=\/wp\/v2\/types\/page"}],"author":[{"embeddable":true,"href":"https:\/\/www.espace-libre.net\/zusvex\/index.php?rest_route=\/wp\/v2\/users\/1"}],"replies":[{"embeddable":true,"href":"https:\/\/www.espace-libre.net\/zusvex\/index.php?rest_route=%2Fwp%2Fv2%2Fcomments&post=35"}],"version-history":[{"count":2,"href":"https:\/\/www.espace-libre.net\/zusvex\/index.php?rest_route=\/wp\/v2\/pages\/35\/revisions"}],"predecessor-version":[{"id":63,"href":"https:\/\/www.espace-libre.net\/zusvex\/index.php?rest_route=\/wp\/v2\/pages\/35\/revisions\/63"}],"wp:attachment":[{"href":"https:\/\/www.espace-libre.net\/zusvex\/index.php?rest_route=%2Fwp%2Fv2%2Fmedia&parent=35"}],"curies":[{"name":"wp","href":"https:\/\/api.w.org\/{rel}","templated":true}]}}